{"id":34,"date":"2024-05-29T05:57:49","date_gmt":"2024-05-29T03:57:49","guid":{"rendered":"http:\/\/admin_iu996dyb"},"modified":"2025-10-24T14:55:14","modified_gmt":"2025-10-24T12:55:14","slug":"accesibilidad","status":"publish","type":"page","link":"https:\/\/principe1.pro\/en\/accesibilidad\/","title":{"rendered":"Accessibility"},"content":{"rendered":"<p>MARIA SOLEDAD TRIGO GARCIA, se ha comprometido a hacer accesibles sus Sitios web de conformidad con el Real Decreto 1112\/2018, de 7 de septiembre, sobre accesibilidad de los sitios web y aplicaciones para dispositivos m\u00f3viles del sector p\u00fablico.<\/p>\n\n\n\n<p>La presente declaraci\u00f3n de accesibilidad se aplica al sitio web principe1.pro.<\/p>\n\n\n\n<h2 class=\"wp-block-heading\"><strong>SITUACI\u00d3N DE CUMPLIMIENTO<\/strong><\/h2>\n\n\n\n<p>Este sitio web es parcialmente conforme con el RD 1112\/2018 debido a las excepciones y a la falta de conformidad de los aspectos que se indican a continuaci\u00f3n.<\/p>\n\n\n\n<h2 class=\"wp-block-heading\"><strong>CONTENIDO NO ACCESIBLE<\/strong><\/h2>\n\n\n\n<p>El contenido que se recoge a continuaci\u00f3n no es accesible por lo siguiente:&nbsp;<\/p>\n\n\n\n<ul class=\"wp-block-list\">\n<li>Falta de conformidad con el RD 1112\/2018:\n<ul class=\"wp-block-list\">\n<li>Pueden existir contenidos en otros idiomas en los que no est\u00e1 etiquetado correctamente el cambio de idioma<\/li>\n\n\n\n<li>Los elementos multimedia solo audio pueden no tener alternativa<\/li>\n\n\n\n<li>Pueden existir v\u00eddeos sin subt\u00edtulos<\/li>\n\n\n\n<li>Hay contenido textual sin un contraste suficiente<\/li>\n\n\n\n<li>Se observa como en algunos casos el foco no cumple con el m\u00ednimo ratio de contraste requerido<\/li>\n\n\n\n<li>En alg\u00fan caso puede producirse solapamiento de contenido<\/li>\n\n\n\n<li>Pueden existir documentos PDF con problemas de accesibilidad<\/li>\n<\/ul>\n<\/li>\n\n\n\n<li>Carga desproporcionada:\n<ul class=\"wp-block-list\">\n<li>No aplica.<\/li>\n<\/ul>\n<\/li>\n\n\n\n<li>Contenido no entra dentro del \u00e1mbito de la legislaci\u00f3n aplicable:\n<ul class=\"wp-block-list\">\n<li>Pueden existir documentos en formato PDF publicados antes del 20 de septiembre de 2018 que no cumplan en su totalidad todos los requisitos de accesibilidad.<\/li>\n<\/ul>\n<\/li>\n<\/ul>\n\n\n\n<h2 class=\"wp-block-heading\"><strong>PREPARACI\u00d3N DE LA PRESENTE DECLARACI\u00d3N DE ACCESIBILIDAD<\/strong><\/h2>\n\n\n\n<p>La presente declaraci\u00f3n fue preparada el .<\/p>\n\n\n\n<p>El m\u00e9todo empleado para la presente declaraci\u00f3n ha sido una autoevaluaci\u00f3n.<\/p>\n\n\n\n<p>\u00daltima revisi\u00f3n de la declaraci\u00f3n: .<\/p>\n\n\n\n<h2 class=\"wp-block-heading\"><strong>OBSERVACIONES Y DATOS DE CONTACTO<\/strong><\/h2>\n\n\n\n<p>Comunicaciones sobre requisitos de accesibilidad<\/p>\n\n\n\n<p>Puede realizar comunicaciones sobre requisitos de accesibilidad (art\u00edculo 10.2.a del RD 1112\/2018) como, por ejemplo:<\/p>\n\n\n\n<ul class=\"wp-block-list\">\n<li>Informar sobre cualquier posible incumplimiento por parte de este sitio web<\/li>\n\n\n\n<li>Transmitir otras dificultades de acceso al contenido<\/li>\n\n\n\n<li>Formular cualquier otra consulta o sugerencia de mejora relativa a la accesibilidad del sitio web<\/li>\n<\/ul>\n\n\n<p>a trav\u00e9s del formulario de contacto de este sitio web (<b>principe1.pro\/contacto<\/b>) o a trav\u00e9s del n\u00famero de tel\u00e9fono: <b>+34 652 366 524 <\/b><\/p>\n\n\n\n<h2 class=\"wp-block-heading\"><strong>SOLICITUDES DE INFORMACI\u00d3N ACCESIBLE Y QUEJAS<\/strong><\/h2>\n\n\n\n<p>A trav\u00e9s del formulario de solicitudes de informaci\u00f3n accesible y de quejas en materia de quejas de accesibilidad puede presentar:<\/p>\n\n\n\n<ul class=\"wp-block-list\">\n<li>una Queja relativa al cumplimiento de los requisitos del RD 1112\/2018 o<\/li>\n\n\n\n<li>una Solicitud de Informaci\u00f3n accesible relativa a:\n<ul class=\"wp-block-list\">\n<li>contenidos que est\u00e1n excluidos del \u00e1mbito de aplicaci\u00f3n del RD 1112\/2018 seg\u00fan lo establecido por el art\u00edculo 3, apartado 4<\/li>\n\n\n\n<li>contenidos que est\u00e1n exentos del cumplimiento de los requisitos de accesibilidad por imponer una carga desproporcionada.<\/li>\n<\/ul>\n<\/li>\n<\/ul>\n\n\n\n<p>En la Solicitud de informaci\u00f3n accesible, se debe concretar, con toda claridad, los hechos, razones y petici\u00f3n que permitan constatar que se trata de una solicitud razonable y leg\u00edtima.<\/p>\n\n\n\n<p>Las quejas y reclamaciones sobre informaci\u00f3n accesible se realizar\u00e1n a trav\u00e9s de la sede electr\u00f3nica (https:\/\/sede.red.gob.es\/procedimientos\/quejas-y-sugerencias), y ser\u00e1n recibidas y tratadas por el \u00e1rea de Sistemas de la Informaci\u00f3n de Red.es.<\/p>\n\n\n\n<h2 class=\"wp-block-heading\"><strong>PROCEDIMIENTO DE APLICACI\u00d3N<\/strong><\/h2>\n\n\n\n<p>Si una vez realizada una solicitud de informaci\u00f3n accesible o queja, \u00e9sta hubiera sido desestimada, no se estuviera de acuerdo con la decisi\u00f3n adoptada, o la respuesta no cumpliera los requisitos contemplados en el art\u00edculo 12.5 del RD 1112\/2018, la persona interesada podr\u00e1 iniciar una reclamaci\u00f3n. Igualmente se podr\u00e1 iniciar una reclamaci\u00f3n en el caso de no haber obtenido respuesta. <\/p>\n\n\n<p>El procedimiento reclamaci\u00f3n recogido en el art\u00edculo 13 del RD 1112\/2018, puede iniciarse a trav\u00e9s del formulario de contacto de este sitio web (<b>principe1.pro\/contacto<\/b>) o a trav\u00e9s del n\u00famero de tel\u00e9fono: <b>+34 652 366 524 <\/b><\/p>\n\n\n\n<p>Las reclamaciones ser\u00e1n recibidas y tratadas por MARIA SOLEDAD TRIGO GARCIA.<\/p>\n\n\n\n<h2 class=\"wp-block-heading\"><strong>CONTENIDO OPCIONAL<\/strong><\/h2>\n\n\n\n<p>El sitio web:<\/p>\n\n\n\n<ul class=\"wp-block-list\">\n<li>se ha dise\u00f1ado adapt\u00e1ndose a los est\u00e1ndares y normativas vigentes en relaci\u00f3n a la accesibilidad, cumpliendo con los puntos de verificaci\u00f3n de prioridad 2 (AA) definidos en la especificaci\u00f3n de Pautas de Accesibilidad al Contenido en la Web (WCAG 2.1)<\/li>\n\n\n\n<li>est\u00e1 optimizado para las \u00faltimas versiones vigentes de Chrome, Edge, Firefox, Safari y Opera<\/li>\n\n\n\n<li>est\u00e1 dise\u00f1ado para su correcta visualizaci\u00f3n en cualquier resoluci\u00f3n y dispositivo de escritorio, tabletas o m\u00f3viles (dise\u00f1o responsive)<\/li>\n\n\n\n<li>se ha realizado utilizando HTML5 como lenguaje de marcado y hojas de estilo CSS 3 para su dise\u00f1o<\/li>\n<\/ul>\n\n\n\n<p>Si desea cambiar el tama\u00f1o de letra del texto en los principales navegadores gr\u00e1ficos utilice los siguientes men\u00fas:<\/p>\n\n\n\n<ul class=\"wp-block-list\">\n<li>Internet Explorer, Mozilla y Firefox: Ver &gt; Tama\u00f1o del texto<\/li>\n\n\n\n<li>Opera: Ver &gt; Zoom<\/li>\n\n\n\n<li>Safari: Ver &gt; Hacer el texto m\u00e1s grande<\/li>\n\n\n\n<li>Chrome: Controla la p\u00e1gina actual &gt; Tama\u00f1o del texto<\/li>\n\n\n\n<li>Para modificar el tama\u00f1o de todo en la p\u00e1gina:\n<ul class=\"wp-block-list\">\n<li>Ctrl + + para aumentarlo<\/li>\n\n\n\n<li>Ctrl + \u2013 para disminuirlo<\/li>\n\n\n\n<li>Ctrl + 0 restaura el tama\u00f1o original del texto<\/li>\n\n\n\n<li>Si lo que quiere es anular la hoja de estilos o modificar el color del texto, puede consultar la p\u00e1gina How to Change Text Size or Colors de la WAI, que se puede leer traducida al espa\u00f1ol en \u00bfC\u00f3mo cambiar el tama\u00f1o del texto o colores?<\/li>\n<\/ul>\n<\/li>\n<\/ul>","protected":false},"excerpt":{"rendered":"<p>MARIA SOLEDAD TRIGO GARCIA, se ha comprometido a hacer accesibles sus Sitios web de conformidad con el Real Decreto 1112\/2018, de 7 de septiembre, sobre accesibilidad de los sitios web y aplicaciones para dispositivos m\u00f3viles del sector p\u00fablico. La presente declaraci\u00f3n de accesibilidad se aplica al sitio web principe1.pro. SITUACI\u00d3N DE CUMPLIMIENTO Este sitio web [&hellip;]<\/p>\n","protected":false},"author":1,"featured_media":0,"parent":0,"menu_order":0,"comment_status":"closed","ping_status":"closed","template":"","meta":{"footnotes":""},"class_list":["post-34","page","type-page","status-publish","hentry"],"_links":{"self":[{"href":"https:\/\/principe1.pro\/en\/wp-json\/wp\/v2\/pages\/34","targetHints":{"allow":["GET"]}}],"collection":[{"href":"https:\/\/principe1.pro\/en\/wp-json\/wp\/v2\/pages"}],"about":[{"href":"https:\/\/principe1.pro\/en\/wp-json\/wp\/v2\/types\/page"}],"author":[{"embeddable":true,"href":"https:\/\/principe1.pro\/en\/wp-json\/wp\/v2\/users\/1"}],"replies":[{"embeddable":true,"href":"https:\/\/principe1.pro\/en\/wp-json\/wp\/v2\/comments?post=34"}],"version-history":[{"count":29,"href":"https:\/\/principe1.pro\/en\/wp-json\/wp\/v2\/pages\/34\/revisions"}],"predecessor-version":[{"id":1648,"href":"https:\/\/principe1.pro\/en\/wp-json\/wp\/v2\/pages\/34\/revisions\/1648"}],"wp:attachment":[{"href":"https:\/\/principe1.pro\/en\/wp-json\/wp\/v2\/media?parent=34"}],"curies":[{"name":"wp","href":"https:\/\/api.w.org\/{rel}","templated":true}]}}