{"id":68,"date":"2024-11-15T05:45:16","date_gmt":"2024-11-15T04:45:16","guid":{"rendered":"https:\/\/pruebaecom.orbidi.es\/?page_id=68"},"modified":"2026-04-01T13:50:16","modified_gmt":"2026-04-01T11:50:16","slug":"politica-devoluciones","status":"publish","type":"page","link":"https:\/\/principe1.pro\/en\/politica-devoluciones\/","title":{"rendered":"Pol\u00edtica de devoluciones"},"content":{"rendered":"<p>Tal vez solo quieras tenerlo todo claro antes de reservar o puede que debas cancelar. Sea como sea, aqu\u00ed te explicamos la pol\u00edtica de cancelaci\u00f3n que se aplica a tu alojamiento:<br>Los hu\u00e9spedes recibir\u00e1n un reembolso completo si cancelan hasta 7 d\u00edas antes de la llegada.<\/p>\n\n\n\n<h2 class=\"wp-block-heading\">Cont\u00e1ctanos:<\/h2>\n\n\n\n<p>Correo electr\u00f3nico de atenci\u00f3n al cliente:&nbsp;<a href=\"mailto:info@principe1.com\">info@principe1.com<\/a><\/p>\n\n\n\n<p>Mery: +34 652366524<\/p>\n\n\n\n<p>Javi: +34 678707373<\/p>\n\n\n\n<h3 class=\"wp-block-heading\">Nuestro equipo de atenci\u00f3n al cliente est\u00e1 aqu\u00ed para ayudarte en cualquier momento \u00a1Gracias por elegir nuestros alojamientos!<\/h3>\n\n\n\n<p>Muchas gracias,<\/p>\n\n\n\n<p>Saludos<\/p>","protected":false},"excerpt":{"rendered":"<p>Tal vez solo quieras tenerlo todo claro antes de reservar o puede que debas cancelar. Sea como sea, aqu\u00ed te explicamos la pol\u00edtica de cancelaci\u00f3n que se aplica a tu alojamiento:Los hu\u00e9spedes recibir\u00e1n un reembolso completo si cancelan hasta 7 d\u00edas antes de la llegada. Cont\u00e1ctanos: Correo electr\u00f3nico de atenci\u00f3n al cliente:&nbsp;info@principe1.com Mery: +34 652366524 [&hellip;]<\/p>\n","protected":false},"author":1,"featured_media":0,"parent":0,"menu_order":0,"comment_status":"closed","ping_status":"closed","template":"","meta":{"footnotes":""},"class_list":["post-68","page","type-page","status-publish","hentry"],"_links":{"self":[{"href":"https:\/\/principe1.pro\/en\/wp-json\/wp\/v2\/pages\/68","targetHints":{"allow":["GET"]}}],"collection":[{"href":"https:\/\/principe1.pro\/en\/wp-json\/wp\/v2\/pages"}],"about":[{"href":"https:\/\/principe1.pro\/en\/wp-json\/wp\/v2\/types\/page"}],"author":[{"embeddable":true,"href":"https:\/\/principe1.pro\/en\/wp-json\/wp\/v2\/users\/1"}],"replies":[{"embeddable":true,"href":"https:\/\/principe1.pro\/en\/wp-json\/wp\/v2\/comments?post=68"}],"version-history":[{"count":8,"href":"https:\/\/principe1.pro\/en\/wp-json\/wp\/v2\/pages\/68\/revisions"}],"predecessor-version":[{"id":2092,"href":"https:\/\/principe1.pro\/en\/wp-json\/wp\/v2\/pages\/68\/revisions\/2092"}],"wp:attachment":[{"href":"https:\/\/principe1.pro\/en\/wp-json\/wp\/v2\/media?parent=68"}],"curies":[{"name":"wp","href":"https:\/\/api.w.org\/{rel}","templated":true}]}}